{"id":9,"date":"2016-01-19T21:33:56","date_gmt":"2016-01-19T19:33:56","guid":{"rendered":"http:\/\/maru.ee\/treiali\/?page_id=9"},"modified":"2026-02-27T12:52:48","modified_gmt":"2026-02-27T10:52:48","slug":"kinnistuplaan","status":"publish","type":"page","link":"https:\/\/maru.ee\/raku\/kinnistuplaan\/","title":{"rendered":"Kinnistuplaan"},"content":{"rendered":"<div class=\"wpb-content-wrapper\"><p>[vc_row bg_image=&#8221;514&#8243; parallax_bg=&#8221;true&#8221; stellar_class=&#8221;fixed&#8221; top_padding=&#8221;30&#8243; bottom_padding=&#8221;30&#8243; class=&#8221;top20&#8243;][vc_column width=&#8221;1\/2&#8243;][vc_column_text]<div class=\"custom-table-4\">\n<table width=\"100%\">\n<tbody>\n<tr>\n<th><strong>#<\/strong><\/th>\n<th><strong>Aadress<\/strong><\/th>\n<th><strong>Suurus<\/strong><\/th>\n<th><strong>Ehitus\u00f5igus<\/strong><\/th>\n<th><strong>Staatus<\/strong><\/th>\n<\/tr>\n<tr>\n<td>1<\/td>\n<td>Sinirebase tn 12<\/td>\n<td>3787 m<sup>2<\/sup><\/td>\n<td>1500 m<sup>2<\/sup><\/td>\n<td>vaba<\/td>\n<\/tr>\n<tr>\n<td>2<\/td>\n<td>Sinirebase tn 14<\/td>\n<td>3967 m<sup>2<\/sup><\/td>\n<td>1500 m<sup>2<\/sup><\/td>\n<td>vaba<\/td>\n<\/tr>\n<tr>\n<td>3<\/td>\n<td>H\u00f5berebase tn 1<\/td>\n<td>5419 m<sup>2<\/sup><\/td>\n<td>2000 m<sup>2<\/sup><\/td>\n<td>vaba<\/td>\n<\/tr>\n<tr>\n<td>4<\/td>\n<td>Sinirebase tn 9<\/td>\n<td>18113 m<sup>2<\/sup><\/td>\n<td>8430 m<sup>2<\/sup><\/td>\n<td>m\u00fc\u00fcdud<\/td>\n<\/tr>\n<tr>\n<td>5<\/td>\n<td>Sinirebase tn 13<\/td>\n<td>6704 m<sup>2<\/sup><\/td>\n<td>3260 m<sup>2<\/sup><\/td>\n<td>vaba<\/td>\n<\/tr>\n<tr>\n<td>6<\/td>\n<td>Sinirebase tn 15<\/td>\n<td>7901 m<sup>2<\/sup><\/td>\n<td>3450 m<sup>2<\/sup><\/td>\n<td>broneeritud<\/td>\n<\/tr>\n<tr>\n<td>7<\/td>\n<td>H\u00f5berebase tn 10<\/td>\n<td>7834 m<sup>2<\/sup><\/td>\n<td>3450 m<sup>2<\/sup><\/td>\n<td>vaba<\/td>\n<\/tr>\n<tr>\n<td>8<\/td>\n<td>H\u00f5berebase tn 8<\/td>\n<td>6697 m<sup>2<\/sup><\/td>\n<td>3330 m<sup>2<\/sup><\/td>\n<td>vaba<\/td>\n<\/tr>\n<tr>\n<td>9<\/td>\n<td>H\u00f5berebase tn 6<\/td>\n<td>9896 m<sup>2<\/sup><\/td>\n<td>4840 m<sup>2<\/sup><\/td>\n<td>vaba<\/td>\n<\/tr>\n<tr>\n<td>10<\/td>\n<td>H\u00f5berebase tn 4<\/td>\n<td>8195 m<sup>2<\/sup><\/td>\n<td>3870 m<sup>2<\/sup><\/td>\n<td>vaba<\/td>\n<\/tr>\n<tr>\n<td>11<\/td>\n<td>H\u00f5berebase tn 3<\/td>\n<td>9853 m<sup>2<\/sup><\/td>\n<td>4810 m<sup>2<\/sup><\/td>\n<td>broneeritud<\/td>\n<\/tr>\n<\/tbody>\n<\/table>\n<\/div>[\/vc_column_text][\/vc_column][vc_column el_class=&#8221;top20&#8243; width=&#8221;1\/2&#8243;][vc_column_text]\n\t<div class=\"imgmap-frontend-image\">\n\t<div class=\"imgmap-dialog-wrapper\" id=\"imgmap-dialog-612-1\"><\/div>\n\t<img decoding=\"async\" src=\"https:\/\/maru.ee\/raku\/wp-content\/uploads\/2024\/11\/raku-kinnisvarakaart-min-1.png\" usemap=\"#imgmap-612-1\" id=\"imagemap-612-1\" \/>\n\t<map name=\"imgmap-612-1\"><area data-type=\"\" data-tooltip=\"\" data-fill-color=\"fefefe\" data-fill-opacity=\"0.4\" data-stroke-color=\"fefefe\" data-stroke-opacity=\"0.9\" data-stroke-width=\"2\" data-mapkey=\"area-625\" shape=\"poly\" coords=\"555,480,561,580,769,566,759,432,677,434,677,467\" href=\"#\" title=\"\" \/><area data-type=\"\" data-tooltip=\"\" data-fill-color=\"fefefe\" data-fill-opacity=\"0.4\" data-stroke-color=\"fefefe\" data-stroke-opacity=\"0.9\" data-stroke-width=\"2\" data-mapkey=\"area-624\" shape=\"poly\" coords=\"592,607,604,739,762,729,757,616,734,595\" href=\"#\" title=\"\" \/><area data-type=\"\" data-tooltip=\"\" data-fill-color=\"fefefe\" data-fill-opacity=\"0.4\" data-stroke-color=\"fefefe\" data-stroke-opacity=\"0.9\" data-stroke-width=\"2\" data-mapkey=\"area-623\" shape=\"poly\" coords=\"605,742,763,730,775,884,620,901\" href=\"#\" title=\"\" \/><area data-type=\"\" data-tooltip=\"\" data-fill-color=\"fefefe\" data-fill-opacity=\"0.4\" data-stroke-color=\"fefefe\" data-stroke-opacity=\"0.9\" data-stroke-width=\"2\" data-mapkey=\"area-622\" shape=\"poly\" coords=\"617,902,776,889,786,995,626,1008\" href=\"#\" title=\"\" \/><area data-type=\"\" data-tooltip=\"\" data-fill-color=\"fefefe\" data-fill-opacity=\"0.4\" data-stroke-color=\"fefefe\" data-stroke-opacity=\"0.9\" data-stroke-width=\"2\" data-mapkey=\"area-621\" shape=\"poly\" coords=\"625,1010,785,998,794,1102,782,1122,636,1135\" href=\"#\" title=\"\" \/><area data-type=\"\" data-tooltip=\"\" data-fill-color=\"fefefe\" data-fill-opacity=\"0.4\" data-stroke-color=\"fefefe\" data-stroke-opacity=\"0.9\" data-stroke-width=\"2\" data-mapkey=\"area-620\" shape=\"poly\" coords=\"464,1022,624,1011,634,1134,493,1150,470,1132\" href=\"#\" title=\"\" \/><area data-type=\"\" data-tooltip=\"\" data-fill-color=\"fefefe\" data-fill-opacity=\"0.4\" data-stroke-color=\"fefefe\" data-stroke-opacity=\"0.9\" data-stroke-width=\"2\" data-mapkey=\"area-619\" shape=\"poly\" coords=\"457,914,617,901,624,1005,465,1020\" href=\"#\" title=\"\" \/><area data-type=\"\" data-tooltip=\"\" data-fill-color=\"fefefe\" data-fill-opacity=\"0.4\" data-stroke-color=\"fefefe\" data-stroke-opacity=\"0.9\" data-stroke-width=\"2\" data-mapkey=\"area-618\" shape=\"poly\" coords=\"448,618,433,642,458,913,616,901,591,609\" href=\"#\" title=\"\" \/><area data-type=\"\" data-tooltip=\"\" data-fill-color=\"fefefe\" data-fill-opacity=\"0.4\" data-stroke-color=\"fefefe\" data-stroke-opacity=\"0.9\" data-stroke-width=\"2\" data-mapkey=\"area-617\" shape=\"poly\" coords=\"421,489,554,481,563,582,449,594,429,581\" href=\"#\" title=\"\" \/><area data-type=\"\" data-tooltip=\"\" data-fill-color=\"fefefe\" data-fill-opacity=\"0.4\" data-stroke-color=\"fefefe\" data-stroke-opacity=\"0.9\" data-stroke-width=\"2\" data-mapkey=\"area-616\" shape=\"poly\" coords=\"215,488,370,477,387,484,389,516,385,535,218,549\" href=\"#\" title=\"\" \/><area data-type=\"\" data-tooltip=\"\" data-fill-color=\"fefefe\" data-fill-opacity=\"0.4\" data-stroke-color=\"fefefe\" data-stroke-opacity=\"0.9\" data-stroke-width=\"2\" data-mapkey=\"area-615\" shape=\"poly\" coords=\"211,414,218,486,369,475,333,445,303,420,287,394,272,382,257,386\" href=\"#\" title=\"\" \/><\/map><div class=\"altlinks-container\"><a class=\"alternative-links-imagemap\" data-key=\"area-625\" data-type=\"popup\" data-parent=\"imgmap-612-1\">11<\/a><br \/><a class=\"alternative-links-imagemap\" data-key=\"area-624\" data-type=\"popup\" data-parent=\"imgmap-612-1\">10<\/a><br \/><a class=\"alternative-links-imagemap\" data-key=\"area-623\" data-type=\"popup\" data-parent=\"imgmap-612-1\">9<\/a><br \/><a class=\"alternative-links-imagemap\" data-key=\"area-622\" data-type=\"popup\" data-parent=\"imgmap-612-1\">8<\/a><br \/><a class=\"alternative-links-imagemap\" data-key=\"area-621\" data-type=\"popup\" data-parent=\"imgmap-612-1\">7<\/a><br \/><a class=\"alternative-links-imagemap\" data-key=\"area-620\" data-type=\"popup\" data-parent=\"imgmap-612-1\">6<\/a><br \/><a class=\"alternative-links-imagemap\" data-key=\"area-619\" data-type=\"popup\" data-parent=\"imgmap-612-1\">5<\/a><br \/><a class=\"alternative-links-imagemap\" data-key=\"area-618\" data-type=\"popup\" data-parent=\"imgmap-612-1\">4<\/a><br \/><a class=\"alternative-links-imagemap\" data-key=\"area-617\" data-type=\"popup\" data-parent=\"imgmap-612-1\">3<\/a><br \/><a class=\"alternative-links-imagemap\" data-key=\"area-616\" data-type=\"popup\" data-parent=\"imgmap-612-1\">2<\/a><br \/><a class=\"alternative-links-imagemap\" data-key=\"area-615\" data-type=\"popup\" data-parent=\"imgmap-612-1\">1<\/a><br \/><\/div>\n\t<\/div>[\/vc_column_text][\/vc_column][\/vc_row][vc_row bg_image=&#8221;514&#8243; parallax_bg=&#8221;true&#8221; stellar_class=&#8221;fixed&#8221; top_padding=&#8221;15&#8243; bottom_padding=&#8221;30&#8243;][vc_column bg_color=&#8221;rgba(0,86,150,0.8)&#8221; text_color=&#8221;light&#8221; width=&#8221;1\/1&#8243;]<div class=\"spacer\" style=\"height: 40px;\"><\/div>[vc_column_text]<i class=\"fa fa-check minti-icon\" style=\"color:#1ab7ea !important; font-size: 14px; margin: 0px 7px 0px 0px\"><\/i> V\u00f5imalus kinnistuid liita<br \/>\n<i class=\"fa fa-check minti-icon\" style=\"color:#1ab7ea !important; font-size: 14px; margin: 0px 7px 0px 0px\"><\/i> Ehitus\u00f5igus \u00fcle j\u00e4rgmiste liidetavate kinnistute summeerub: kinnistud 5 ja 6, 7 ja 8, 9 ja 10.<br \/>\n<i class=\"fa fa-check minti-icon\" style=\"color:#1ab7ea !important; font-size: 14px; margin: 0px 7px 0px 0px\"><\/i> Kinnistute sihtotstarve: \u00c4rimaa 50% \/ Tootmismaa 50%<br \/>\n<i class=\"fa fa-check minti-icon\" style=\"color:#1ab7ea !important; font-size: 14px; margin: 0px 7px 0px 0px\"><\/i> T\u00e4psem info ehitusalade ja \u2013\u00f5iguste kohta on leitav Raku \u00c4ripargi asendiplaani skeemilt[\/vc_column_text]<div class=\"spacer\" style=\"height: 10px;\"><\/div><a href=\"http:\/\/maru.ee\/raku\/wp-content\/uploads\/2016\/05\/Raku-asendiplaani-skeem.pdf\" target=\"_blank\" class=\"button blue medium \" style=\"border-radius: 2px;\">\u00c4ripargi asendiplaani skeem<\/a><div class=\"spacer\" style=\"height: 40px;\"><\/div>[\/vc_column][\/vc_row]<\/p>\n<\/div>","protected":false},"excerpt":{"rendered":"<p>[vc_row bg_image=&#8221;514&#8243; parallax_bg=&#8221;true&#8221; stellar_class=&#8221;fixed&#8221; top_padding=&#8221;30&#8243; bottom_padding=&#8221;30&#8243; class=&#8221;top20&#8243;][vc_column width=&#8221;1\/2&#8243;][vc_column_text][\/vc_column_text][\/vc_column][vc_column el_class=&#8221;top20&#8243; width=&#8221;1\/2&#8243;][vc_column_text][\/vc_column_text][\/vc_column][\/vc_row][vc_row bg_image=&#8221;514&#8243; parallax_bg=&#8221;true&#8221; stellar_class=&#8221;fixed&#8221; top_padding=&#8221;15&#8243; bottom_padding=&#8221;30&#8243;][vc_column bg_color=&#8221;rgba(0,86,150,0.8)&#8221; text_color=&#8221;light&#8221; width=&#8221;1\/1&#8243;][vc_column_text] V\u00f5imalus kinnistuid liita Ehitus\u00f5igus \u00fcle j\u00e4rgmiste liidetavate kinnistute summeerub: kinnistud 5 ja 6, 7 ja 8, 9 ja 10. Kinnistute sihtotstarve: \u00c4rimaa 50% \/ Tootmismaa 50% T\u00e4psem info ehitusalade ja \u2013\u00f5iguste kohta on leitav Raku \u00c4ripargi asendiplaani skeemilt[\/vc_column_text][\/vc_column][\/vc_row]<\/p>\n","protected":false},"author":1,"featured_media":0,"parent":0,"menu_order":0,"comment_status":"closed","ping_status":"closed","template":"","meta":{"_exactmetrics_skip_tracking":false,"_exactmetrics_sitenote_active":false,"_exactmetrics_sitenote_note":"","_exactmetrics_sitenote_category":0,"footnotes":""},"class_list":["post-9","page","type-page","status-publish","hentry"],"_links":{"self":[{"href":"https:\/\/maru.ee\/raku\/wp-json\/wp\/v2\/pages\/9","targetHints":{"allow":["GET"]}}],"collection":[{"href":"https:\/\/maru.ee\/raku\/wp-json\/wp\/v2\/pages"}],"about":[{"href":"https:\/\/maru.ee\/raku\/wp-json\/wp\/v2\/types\/page"}],"author":[{"embeddable":true,"href":"https:\/\/maru.ee\/raku\/wp-json\/wp\/v2\/users\/1"}],"replies":[{"embeddable":true,"href":"https:\/\/maru.ee\/raku\/wp-json\/wp\/v2\/comments?post=9"}],"version-history":[{"count":5,"href":"https:\/\/maru.ee\/raku\/wp-json\/wp\/v2\/pages\/9\/revisions"}],"predecessor-version":[{"id":662,"href":"https:\/\/maru.ee\/raku\/wp-json\/wp\/v2\/pages\/9\/revisions\/662"}],"wp:attachment":[{"href":"https:\/\/maru.ee\/raku\/wp-json\/wp\/v2\/media?parent=9"}],"curies":[{"name":"wp","href":"https:\/\/api.w.org\/{rel}","templated":true}]}}