{"id":6,"date":"2016-01-19T21:28:04","date_gmt":"2016-01-19T19:28:04","guid":{"rendered":"http:\/\/maru.ee\/treiali\/?page_id=6"},"modified":"2026-03-08T09:01:32","modified_gmt":"2026-03-08T07:01:32","slug":"avaleht","status":"publish","type":"page","link":"https:\/\/maru.ee\/raku\/","title":{"rendered":"Avaleht"},"content":{"rendered":"<div class=\"wpb-content-wrapper\"><p>[vc_row bg_image=&#8221;514&#8243; parallax_bg=&#8221;true&#8221; stellar_class=&#8221;fixed&#8221; text_color=&#8221;light&#8221; top_padding=&#8221;40&#8243; bottom_padding=&#8221;40&#8243; full_height=&#8221;true&#8221; content_placement=&#8221;top&#8221;][vc_column bg_color=&#8221;rgba(0,86,150,0.8)&#8221; column_padding=&#8221;padding-2&#8243; width=&#8221;1\/3&#8243;][vc_column_text]<\/p>\n<h1>RAKU\u00a0\u00c4RIPARK<\/h1>\n<p>RAKU \u00c4RIPARK on suurep\u00e4rane v\u00f5imalus ettev\u00f5tetele, kes otsivad uut tootmis-, lao- ja \u00e4ripinda Tallinnas. \u00c4ripargis on kokku 9+2 kehtiva detailplaneeringuga kinnistut nii suurema kui v\u00e4iksema pinnavajadusega klientidele. Planeeringus ette n\u00e4htud \u00fcle-ehitus\u00f5igus annab v\u00f5imaluse tulevikus laieneda naaberkinnistule ilma probleemideta. Esimene tehasehoone kahe kinnistu liitmise tagaj\u00e4rjel just sellisel viisil ongi juba rajatud ja valmis 2025 aastal. \u00c4riparki rajatakse A energiaklassile vastavad kaasaegsed hooned, mille primaark\u00fcte saadakse maasoojus- ning \u00f5hksoojuspumpadega. Kinnistud hoonestab AS Maru Ehitus, kellel on pikaajaline silmapaistev kogemus t\u00f6\u00f6stuslike hoonete projekteerimisel ja ehitamisel, mis kliendi jaoks t\u00e4hendab reeglina arvestatavat s\u00e4\u00e4stu pakutavates lahendustes, kuluvas ajas ja ka rahas.<\/p>\n<p>Paralleelselt esimese tehase ehitamisega on \u00c4ripargi infrastruktuuri rajamisega samuti alustatud ning I etapis valmisid 9 kinnistu liitumispunktid, t\u00e4navavalgustus ning uued k\u00f5nni- ja s\u00f5iduteed. 2026 aastal j\u00e4tkatakse II etapis infra ja juurdep\u00e4\u00e4suteede rajamist veel kahele \u00e4rikinnistule.<\/p>\n<p>Krundi soetamise v\u00f5i hoonete \u00fc\u00fcrile v\u00f5tmise huvi korral v\u00f5tke \u00fchendust Maru Ehituse kinnisvaraarenduse projektijuhiga tel 5033058, <a href=\"mailto:veiko.taevere@maru.ee\">veiko.taevere@maru.ee<\/a>[\/vc_column_text][vc_column_text]<\/p>\n<h1>V\u00f5imalused<\/h1>\n<p>[\/vc_column_text]<div class=\"minti_list wpb_content_element color-grey checkbox\" style=\"\">\n<ul>\n<li>V\u00e4ga hea juurdep\u00e4\u00e4s \u00fchistranspordiga<\/li>\n<li>\u201eV\u00f5tmed k\u00e4tte\u201c lahendused vastavalt kliendi vajadustele ja soovidele<\/li>\n<li>Kinnistu m\u00fc\u00fck + projekteerimine ja ehitus<\/li>\n<li>Paindlikud lahendused<\/li>\n<\/ul>\n<\/div>[\/vc_column][vc_column el_class=&#8221;margintopzero&#8221; bg_color=&#8221;rgba(0,130,200,0.85)&#8221; column_padding=&#8221;padding-2&#8243; column_center=&#8221;true&#8221; text_color=&#8221;light&#8221; width=&#8221;1\/3&#8243;][vc_column_text]<\/p>\n<h1>\u00dcldandmed<\/h1>\n<p>[\/vc_column_text]<div class=\"iconbox  wpb_content_element iconbox-style-1 icon-color-greyscale color-dark animation-none\"><h3><i class=\"fa fa-map-marker boxicon\" style=\"\"><\/i><span>Asukoht<\/span><\/h3><p>H\u00f5berebase tn 1, 3, 4, 6, 8, 10; Sinirebase tn 9, 12, 13, 14, 15; N\u00f5mme linnaosa,Tallinn<\/p>\n<\/p><\/div><div class=\"iconbox  wpb_content_element iconbox-style-1 icon-color-greyscale color-dark animation-none\"><h3><i class=\"fa fa-map boxicon\" style=\"\"><\/i><span>Pindala<\/span><\/h3><p><strong>Kinnistute kogupindala<\/strong>: 88 368 m<sup>2<\/sup><\/p>\n<p><strong>Maksimaalne ehitusalune pind \u00fcle kahe kinnistu<\/strong>: 8700 m<sup>2<\/sup><\/p>\n<\/p><\/div><div class=\"iconbox  wpb_content_element iconbox-style-1 icon-color-greyscale color-dark animation-none\"><h3><i class=\"fa fa-building boxicon\" style=\"\"><\/i><span>Sihtotstarve<\/span><\/h3><p>\u00c4ri- ja tootmismaa<\/p><\/div><div class=\"iconbox  wpb_content_element iconbox-style-1 icon-color-greyscale color-dark animation-none\"><h3><i class=\"fa sl-settings boxicon\" style=\"\"><\/i><span>Tehnov\u00f5rgud<\/span><\/h3><p>Vesi, kanalisatsioon, elekter, side<\/p><\/div>[vc_row_inner][vc_column_inner]<a href=\"http:\/\/maru.ee\/raku\/kinnistuplaan\/\" target=\"_self\" class=\"button color-8 medium \" style=\"border-radius: 2px;\">Kinnistuplaan<\/a><a href=\"http:\/\/maru.ee\/raku\/asukoht\/\" target=\"_self\" class=\"button color-8 medium \" style=\"border-radius: 2px;\">Asukoht<\/a>[\/vc_column_inner][\/vc_row_inner][\/vc_column][vc_column el_class=&#8221;margintopzero&#8221; bg_color=&#8221;rgba(26,183,234,0.9)&#8221; column_padding=&#8221;padding-2&#8243; column_center=&#8221;true&#8221; width=&#8221;1\/3&#8243;][vc_column_text]<\/p>\n<h1>AS Maru Ehitus<\/h1>\n<p>Tehnopargi arendaja on pikaajalise projekteerimis- ja ehituskogemusega AS Maru Ehitus. Maru Ehituse peamisteks tegevusaladeks on ehitust\u00f6\u00f6de peat\u00f6\u00f6v\u00f5tt, projektijuhtimine, projekteerimine ja kinnisvaraarendus. Maru Ehituse p\u00f5hiliseks tugevuseks on mitmek\u00fclgsus. Oleme oma klientidele usaldusv\u00e4\u00e4rseks koost\u00f6\u00f6partneriks kinnisvaraarenduse ja ehitusprotsessi k\u00f5igil etappidel alates ideekavandi v\u00e4ljat\u00f6\u00f6tamisest kuni valmis hoone v\u00f5tmete \u00fcleandmiseni.<\/p>\n<p>&nbsp;<\/p>\n<p>&nbsp;<\/p>\n<p>[\/vc_column_text]<a href=\"http:\/\/www.maru.ee\" target=\"_blank\" class=\"button color-8 medium \" style=\"border-radius: 2px;\">Loe l\u00e4hemalt Maru Ehituse kohta<\/a><a href=\"https:\/\/maru.ee\/tegevusvaldkonnad\/kinnisvaraarendus\/\" target=\"_blank\" class=\"button color-8 medium \" style=\"border-radius: 2px;\">Vaata Maru kinnisvaraprojekte<\/a>[\/vc_column][\/vc_row]<\/p>\n<\/div>","protected":false},"excerpt":{"rendered":"<p>[vc_row bg_image=&#8221;514&#8243; parallax_bg=&#8221;true&#8221; stellar_class=&#8221;fixed&#8221; text_color=&#8221;light&#8221; top_padding=&#8221;40&#8243; bottom_padding=&#8221;40&#8243; full_height=&#8221;true&#8221; content_placement=&#8221;top&#8221;][vc_column bg_color=&#8221;rgba(0,86,150,0.8)&#8221; column_padding=&#8221;padding-2&#8243; width=&#8221;1\/3&#8243;][vc_column_text] RAKU\u00a0\u00c4RIPARK RAKU \u00c4RIPARK on suurep\u00e4rane v\u00f5imalus ettev\u00f5tetele, kes otsivad uut tootmis-, lao- ja \u00e4ripinda Tallinnas. \u00c4ripargis on kokku 9+2 kehtiva detailplaneeringuga kinnistut nii suurema kui v\u00e4iksema pinnavajadusega klientidele. Planeeringus ette n\u00e4htud \u00fcle-ehitus\u00f5igus annab v\u00f5imaluse tulevikus laieneda naaberkinnistule ilma probleemideta. Esimene tehasehoone kahe kinnistu liitmise tagaj\u00e4rjel just sellisel viisil ongi juba rajatud ja valmis 2025 aastal. \u00c4riparki rajatakse A energiaklassile vastavad kaasaegsed hooned, mille primaark\u00fcte saadakse maasoojus- ning \u00f5hksoojuspumpadega. Kinnistud hoonestab AS Maru Ehitus, kellel on pikaajaline silmapaistev kogemus t\u00f6\u00f6stuslike hoonete projekteerimisel ja ehitamisel, mis kliendi jaoks t\u00e4hendab reeglina arvestatavat s\u00e4\u00e4stu pakutavates lahendustes, kuluvas ajas ja ka rahas. Paralleelselt esimese tehase ehitamisega on \u00c4ripargi infrastruktuuri rajamisega samuti alustatud ning I etapis valmisid 9 kinnistu liitumispunktid, t\u00e4navavalgustus ning uued k\u00f5nni- ja s\u00f5iduteed. 2026 aastal j\u00e4tkatakse II etapis infra ja juurdep\u00e4\u00e4suteede rajamist veel kahele \u00e4rikinnistule. Krundi soetamise v\u00f5i hoonete \u00fc\u00fcrile v\u00f5tmise huvi korral v\u00f5tke \u00fchendust Maru Ehituse kinnisvaraarenduse projektijuhiga tel 5033058, veiko.taevere@maru.ee[\/vc_column_text][vc_column_text] V\u00f5imalused [\/vc_column_text][\/vc_column][vc_column el_class=&#8221;margintopzero&#8221; bg_color=&#8221;rgba(0,130,200,0.85)&#8221; column_padding=&#8221;padding-2&#8243; column_center=&#8221;true&#8221; text_color=&#8221;light&#8221; width=&#8221;1\/3&#8243;][vc_column_text] \u00dcldandmed [\/vc_column_text][vc_row_inner][vc_column_inner][\/vc_column_inner][\/vc_row_inner][\/vc_column][vc_column el_class=&#8221;margintopzero&#8221; bg_color=&#8221;rgba(26,183,234,0.9)&#8221; column_padding=&#8221;padding-2&#8243; column_center=&#8221;true&#8221; width=&#8221;1\/3&#8243;][vc_column_text] AS Maru Ehitus Tehnopargi arendaja on pikaajalise projekteerimis- ja ehituskogemusega AS Maru Ehitus. Maru Ehituse peamisteks tegevusaladeks on ehitust\u00f6\u00f6de peat\u00f6\u00f6v\u00f5tt, projektijuhtimine, projekteerimine ja kinnisvaraarendus. [&hellip;]<\/p>\n","protected":false},"author":1,"featured_media":0,"parent":0,"menu_order":0,"comment_status":"closed","ping_status":"closed","template":"","meta":{"_exactmetrics_skip_tracking":false,"_exactmetrics_sitenote_active":false,"_exactmetrics_sitenote_note":"","_exactmetrics_sitenote_category":0,"footnotes":""},"class_list":["post-6","page","type-page","status-publish","hentry"],"_links":{"self":[{"href":"https:\/\/maru.ee\/raku\/wp-json\/wp\/v2\/pages\/6","targetHints":{"allow":["GET"]}}],"collection":[{"href":"https:\/\/maru.ee\/raku\/wp-json\/wp\/v2\/pages"}],"about":[{"href":"https:\/\/maru.ee\/raku\/wp-json\/wp\/v2\/types\/page"}],"author":[{"embeddable":true,"href":"https:\/\/maru.ee\/raku\/wp-json\/wp\/v2\/users\/1"}],"replies":[{"embeddable":true,"href":"https:\/\/maru.ee\/raku\/wp-json\/wp\/v2\/comments?post=6"}],"version-history":[{"count":5,"href":"https:\/\/maru.ee\/raku\/wp-json\/wp\/v2\/pages\/6\/revisions"}],"predecessor-version":[{"id":687,"href":"https:\/\/maru.ee\/raku\/wp-json\/wp\/v2\/pages\/6\/revisions\/687"}],"wp:attachment":[{"href":"https:\/\/maru.ee\/raku\/wp-json\/wp\/v2\/media?parent=6"}],"curies":[{"name":"wp","href":"https:\/\/api.w.org\/{rel}","templated":true}]}}