{"id":21,"date":"2016-01-19T21:43:39","date_gmt":"2016-01-19T19:43:39","guid":{"rendered":"http:\/\/maru.ee\/treiali\/?page_id=21"},"modified":"2024-11-12T14:45:26","modified_gmt":"2024-11-12T12:45:26","slug":"kontakt","status":"publish","type":"page","link":"https:\/\/maru.ee\/raku\/kontakt\/","title":{"rendered":"Kontakt"},"content":{"rendered":"<div class=\"wpb-content-wrapper\"><p>[vc_row bg_image=&#8221;514&#8243; parallax_bg=&#8221;true&#8221; stellar_class=&#8221;fixed&#8221; text_color=&#8221;light&#8221; top_padding=&#8221;40&#8243; bottom_padding=&#8221;40&#8243;][vc_column bg_color=&#8221;rgba(0,86,150,0.8)&#8221; column_padding=&#8221;padding-2&#8243; column_center=&#8221;true&#8221; width=&#8221;1\/3&#8243;][vc_column_text]<\/p>\n<h1>Kontakt ja m\u00fc\u00fcgiinfo<\/h1>\n<i class=\"fa fa-user minti-icon\" style=\"color:#ffffff !important; font-size: 14px; margin: 0px 6px 0px 0px\"><\/i>\u00a0Veiko Taevere<br \/>\n<i class=\"fa fa-briefcase minti-icon\" style=\"color:#ffffff !important; font-size: 14px; margin: 0px 2px 0px 0px\"><\/i> Kinnisvaraarenduse projektijuht<br \/>\n<i class=\"fa fa-mobile minti-icon\" style=\"color:#ffffff !important; font-size: 14px; margin: 0px 10px 0px 0px\"><\/i> Mobiil: +372 50\u00a033 058<br \/>\n<i class=\"fa fa-phone minti-icon\" style=\"color:#ffffff !important; font-size: 14px; margin: 0px 5px 0px 0px\"><\/i> Telefon: +372\u00a0657 5850<br \/>\n<i class=\"fa fa-envelope-o minti-icon\" style=\"color:#ffffff !important; font-size: 14px; margin: 0px 3px 0px 0px\"><\/i> E-mail: <a href=\"mailto:veiko.taevere@maru.ee\">veiko.taevere@maru.ee<\/a>[\/vc_column_text][vc_column_text]<\/p>\n<h1>Uus Maa Kinnivarab\u00fcroo<\/h1>\n<i class=\"fa fa-user minti-icon\" style=\"color:#ffffff !important; font-size: 14px; margin: 0px 6px 0px 0px\"><\/i>\u00a0Fred Linnuk\u00fctt<br \/>\n<i class=\"fa fa-briefcase minti-icon\" style=\"color:#ffffff !important; font-size: 14px; margin: 0px 2px 0px 0px\"><\/i>\u00a0\u00c4ripindade juhtiv konsultant<br \/>\n<i class=\"fa fa-mobile minti-icon\" style=\"color:#ffffff !important; font-size: 14px; margin: 0px 10px 0px 0px\"><\/i> Mobiil: +372 53 472\u00a0228<br \/>\n<i class=\"fa fa-envelope-o minti-icon\" style=\"color:#ffffff !important; font-size: 14px; margin: 0px 3px 0px 0px\"><\/i> E-mail: <a href=\"mailto:fred@uusmaa.ee\">fred@uusmaa.ee<\/a>[\/vc_column_text][vc_column_text]<img loading=\"lazy\" decoding=\"async\" class=\"alignnone size-medium wp-image-298\" src=\"http:\/\/maru.ee\/treiali\/wp-content\/uploads\/2016\/01\/Logo_kontakt_01-300x94.png\" alt=\"Logo_kontakt_01\" width=\"300\" height=\"94\" srcset=\"https:\/\/maru.ee\/raku\/wp-content\/uploads\/2016\/01\/Logo_kontakt_01-300x94.png 300w, https:\/\/maru.ee\/raku\/wp-content\/uploads\/2016\/01\/Logo_kontakt_01.png 544w\" sizes=\"auto, (max-width: 300px) 100vw, 300px\" \/>[\/vc_column_text][\/vc_column][vc_column bg_color=&#8221;rgba(0,130,200,0.85)&#8221; column_padding=&#8221;padding-2&#8243; width=&#8221;1\/3&#8243;][vc_column_text]<\/p>\n<h1>P\u00e4ringuvorm<\/h1>\n<p>Kui teil on huvi v\u00f5i k\u00fcsimusi, siis saatke meile e-kiri.[\/vc_column_text][\/vc_column][vc_column bg_color=&#8221;rgba(26,183,234,0.9)&#8221; width=&#8221;1\/3&#8243;][vc_raw_html css=&#8221;&#8221;]JTNDaWZyYW1lJTIwc3JjJTNEJTIyaHR0cHMlM0ElMkYlMkZ3d3cuZ29vZ2xlLmNvbSUyRm1hcHMlMkZlbWJlZCUzRnBiJTNEJTIxMW0xOCUyMTFtMTIlMjExbTMlMjExZDIwMjkuODIwMDA1MDcyODM2MiUyMTJkMjQuNzY3NTAwMDc3MTYzMTYlMjEzZDU5LjQxOTM5NzQwMzgwNzk1NiUyMTJtMyUyMTFmMCUyMTJmMCUyMTNmMCUyMTNtMiUyMTFpMTAyNCUyMTJpNzY4JTIxNGYxMy4xJTIxM20zJTIxMW0yJTIxMXMweDQ2OTI5NGFlMzAzYmVhNmIlMjUzQTB4NzZmOTJhOGUwNDNiYzQ1NyUyMTJzSiUyNUMzJTI1QTRydmV2YW5hJTI1MjB0ZWUlMjUyMDUlMjUyQyUyNTIwMTAxMzglMjUyMFRhbGxpbm4lMjE1ZTAlMjEzbTIlMjExc2V0JTIxMnNlZSUyMTR2MTY4MzExMTE0NzM3NSUyMTVtMiUyMTFzZXQlMjEyc2VlJTIyJTIwd2lkdGglM0QlMjIzNjAlMjIlMjBoZWlnaHQlM0QlMjI0NTAlMjIlMjBzdHlsZSUzRCUyMmJvcmRlciUzQTAlM0IlMjIlMjBhbGxvd2Z1bGxzY3JlZW4lM0QlMjIlMjIlMjBsb2FkaW5nJTNEJTIybGF6eSUyMiUyMHJlZmVycmVycG9saWN5JTNEJTIybm8tcmVmZXJyZXItd2hlbi1kb3duZ3JhZGUlMjIlM0UlM0MlMkZpZnJhbWUlM0U=[\/vc_raw_html][\/vc_column][\/vc_row]<\/p>\n<\/div>","protected":false},"excerpt":{"rendered":"<p>[vc_row bg_image=&#8221;514&#8243; parallax_bg=&#8221;true&#8221; stellar_class=&#8221;fixed&#8221; text_color=&#8221;light&#8221; top_padding=&#8221;40&#8243; bottom_padding=&#8221;40&#8243;][vc_column bg_color=&#8221;rgba(0,86,150,0.8)&#8221; column_padding=&#8221;padding-2&#8243; column_center=&#8221;true&#8221; width=&#8221;1\/3&#8243;][vc_column_text] Kontakt ja m\u00fc\u00fcgiinfo \u00a0Veiko Taevere Kinnisvaraarenduse projektijuht Mobiil: +372 50\u00a033 058 Telefon: +372\u00a0657 5850 E-mail: veiko.taevere@maru.ee[\/vc_column_text][vc_column_text] Uus Maa Kinnivarab\u00fcroo \u00a0Fred Linnuk\u00fctt \u00a0\u00c4ripindade juhtiv konsultant Mobiil: +372 53 472\u00a0228 E-mail: fred@uusmaa.ee[\/vc_column_text][vc_column_text][\/vc_column_text][\/vc_column][vc_column bg_color=&#8221;rgba(0,130,200,0.85)&#8221; column_padding=&#8221;padding-2&#8243; width=&#8221;1\/3&#8243;][vc_column_text] P\u00e4ringuvorm Kui teil on huvi v\u00f5i k\u00fcsimusi, siis saatke meile e-kiri.[\/vc_column_text][\/vc_column][vc_column bg_color=&#8221;rgba(26,183,234,0.9)&#8221; width=&#8221;1\/3&#8243;][vc_raw_html css=&#8221;&#8221;]JTNDaWZyYW1lJTIwc3JjJTNEJTIyaHR0cHMlM0ElMkYlMkZ3d3cuZ29vZ2xlLmNvbSUyRm1hcHMlMkZlbWJlZCUzRnBiJTNEJTIxMW0xOCUyMTFtMTIlMjExbTMlMjExZDIwMjkuODIwMDA1MDcyODM2MiUyMTJkMjQuNzY3NTAwMDc3MTYzMTYlMjEzZDU5LjQxOTM5NzQwMzgwNzk1NiUyMTJtMyUyMTFmMCUyMTJmMCUyMTNmMCUyMTNtMiUyMTFpMTAyNCUyMTJpNzY4JTIxNGYxMy4xJTIxM20zJTIxMW0yJTIxMXMweDQ2OTI5NGFlMzAzYmVhNmIlMjUzQTB4NzZmOTJhOGUwNDNiYzQ1NyUyMTJzSiUyNUMzJTI1QTRydmV2YW5hJTI1MjB0ZWUlMjUyMDUlMjUyQyUyNTIwMTAxMzglMjUyMFRhbGxpbm4lMjE1ZTAlMjEzbTIlMjExc2V0JTIxMnNlZSUyMTR2MTY4MzExMTE0NzM3NSUyMTVtMiUyMTFzZXQlMjEyc2VlJTIyJTIwd2lkdGglM0QlMjIzNjAlMjIlMjBoZWlnaHQlM0QlMjI0NTAlMjIlMjBzdHlsZSUzRCUyMmJvcmRlciUzQTAlM0IlMjIlMjBhbGxvd2Z1bGxzY3JlZW4lM0QlMjIlMjIlMjBsb2FkaW5nJTNEJTIybGF6eSUyMiUyMHJlZmVycmVycG9saWN5JTNEJTIybm8tcmVmZXJyZXItd2hlbi1kb3duZ3JhZGUlMjIlM0UlM0MlMkZpZnJhbWUlM0U=[\/vc_raw_html][\/vc_column][\/vc_row]<\/p>\n","protected":false},"author":1,"featured_media":0,"parent":0,"menu_order":0,"comment_status":"closed","ping_status":"closed","template":"","meta":{"_exactmetrics_skip_tracking":false,"_exactmetrics_sitenote_active":false,"_exactmetrics_sitenote_note":"","_exactmetrics_sitenote_category":0,"footnotes":""},"class_list":["post-21","page","type-page","status-publish","hentry"],"_links":{"self":[{"href":"https:\/\/maru.ee\/raku\/wp-json\/wp\/v2\/pages\/21","targetHints":{"allow":["GET"]}}],"collection":[{"href":"https:\/\/maru.ee\/raku\/wp-json\/wp\/v2\/pages"}],"about":[{"href":"https:\/\/maru.ee\/raku\/wp-json\/wp\/v2\/types\/page"}],"author":[{"embeddable":true,"href":"https:\/\/maru.ee\/raku\/wp-json\/wp\/v2\/users\/1"}],"replies":[{"embeddable":true,"href":"https:\/\/maru.ee\/raku\/wp-json\/wp\/v2\/comments?post=21"}],"version-history":[{"count":5,"href":"https:\/\/maru.ee\/raku\/wp-json\/wp\/v2\/pages\/21\/revisions"}],"predecessor-version":[{"id":632,"href":"https:\/\/maru.ee\/raku\/wp-json\/wp\/v2\/pages\/21\/revisions\/632"}],"wp:attachment":[{"href":"https:\/\/maru.ee\/raku\/wp-json\/wp\/v2\/media?parent=21"}],"curies":[{"name":"wp","href":"https:\/\/api.w.org\/{rel}","templated":true}]}}