{"id":192,"date":"2016-02-01T22:21:19","date_gmt":"2016-02-01T20:21:19","guid":{"rendered":"http:\/\/maru.ee\/treiali\/?page_id=192"},"modified":"2023-05-02T17:02:45","modified_gmt":"2023-05-02T14:02:45","slug":"asukoht","status":"publish","type":"page","link":"https:\/\/maru.ee\/raku\/asukoht\/","title":{"rendered":"Asukoht"},"content":{"rendered":"<div class=\"wpb-content-wrapper\"><p>[vc_row bg_image=&#8221;514&#8243; parallax_bg=&#8221;true&#8221; stellar_class=&#8221;fixed&#8221; text_color=&#8221;light&#8221; top_padding=&#8221;40&#8243; bottom_padding=&#8221;40&#8243;][vc_column bg_color=&#8221;rgba(0,86,150,0.8)&#8221; column_padding=&#8221;padding-2&#8243; column_center=&#8221;true&#8221; text_color=&#8221;light&#8221; width=&#8221;2\/3&#8243;][vc_column_text]<strong>RAKU \u00c4RIPARK<\/strong>\u00a0asub <strong>Tallinnas<\/strong> N\u00f5mme linnaosas <strong>Viljandi mnt \u00e4\u00e4res<\/strong> Valdeku t\u00e4nava ja Raku j\u00e4rve vahel. Valdeku t\u00e4navaga ristuva M\u00e4nniku tee \u00e4\u00e4rde j\u00e4\u00e4b olemasolev ettev\u00f5tluspiirkond. T\u00e4nu linnasisesele asukohale on Raku \u00c4ripark atraktiivne asukoht kindlasti \u00fchistranspordi olemasolu hindavatele klientidele. Maanteeameti, Rae valla ja Tallinna linna poolt kavandatav 2+2 s\u00f5iduradadega Tallinna v\u00e4ike ringtee liitub Valdeku ja Viljandi mnt ristmikuga sisuliselt arenduspiirkonna ukse ees. Tallinna ringtee j\u00e4\u00e4b k\u00f5igest 6 km kaugusele Raku \u00c4ripargist, see tagab kiire \u00fchenduse t\u00e4htsamate Tallinnat \u00fcmbritsevate maanteedega.<\/p>\n<p>Kinnistutele p\u00e4\u00e4seb ligi nii Valdeku kui Karuse t\u00e4nava kaudu. Karuse t\u00e4nava ja Viljandi maantee ristmikule on planeeritud uus fooriga reguleeritav ristmik, mis lihtsustab \u00c4riparki sisse- ja v\u00e4ljas\u00f5itu ka tipptunni ajal.[\/vc_column_text][\/vc_column][vc_column el_class=&#8221;location-features&#8221; bg_color=&#8221;rgba(0,86,150,0.8)&#8221; width=&#8221;1\/3&#8243;][vc_column_text]<\/p>\n<i class=\"fa fa-road minti-icon\" style=\"color:#1ab7ea !important; font-size: 22px; margin: 0px 7px 0px 0px\"><\/i> 6 km\u00a0Tallinna ringteeni<\/p>\n<i class=\"fa fa-bus minti-icon\" style=\"color:#1ab7ea !important; font-size: 22px; margin: 0px 7px 0px 0px\"><\/i> 650 m l\u00e4hima bussipeatuseni<\/p>\n<i class=\"fa fa-road minti-icon\" style=\"color:#1ab7ea !important; font-size: 22px; margin: 0px 7px 0px 0px\"><\/i> 4 km kaugusel P\u00e4rnu mnt ja J\u00e4rve Selver[\/vc_column_text][\/vc_column][\/vc_row][vc_row bg_image=&#8221;514&#8243; parallax_bg=&#8221;true&#8221; stellar_class=&#8221;fixed&#8221; text_color=&#8221;light&#8221;][vc_column bg_color=&#8221;rgba(0,86,150,0.8)&#8221; column_padding=&#8221;padding-2&#8243; width=&#8221;1\/1&#8243;][vc_column_text]\r\n            \r\n            \r\n            \r\n            <a name='map3'><\/a>\r\n            <div class='wpgmza-marker-listing-category-filter' data-map-id='3' id='wpgmza_filter_3' style='text-align:left; margin-bottom:0px;'><span>Kategooriad<\/span><div style=\"overflow:auto; display:block; width:100%; height:auto; margin-top:10px;\"><div class=\"wpgmza_cat_checkbox_holder wpgmza_cat_checkbox_3\"><ul class=\"wpgmza_cat_ul wpgmza_cat_checkbox_item_holder\"><li class=\"wpgmza_cat_checkbox_item_holder wpgmza_cat_checkbox_item_holder_1\"><input type=\"checkbox\" value=\"1\" class=\"wpgmza_checkbox\" id=\"wpgmza_cat_checkbox_1\" name=\"wpgmza_cat_checkbox\" mid=\"3\"><label for=\"wpgmza_cat_checkbox_1\">Bussipeatused<\/label><\/li><li class=\"wpgmza_cat_checkbox_item_holder wpgmza_cat_checkbox_item_holder_4\"><input type=\"checkbox\" value=\"4\" class=\"wpgmza_checkbox\" id=\"wpgmza_cat_checkbox_4\" name=\"wpgmza_cat_checkbox\" mid=\"3\"><label for=\"wpgmza_cat_checkbox_4\">Kaubanduskeskused<\/label><\/li><li class=\"wpgmza_cat_checkbox_item_holder wpgmza_cat_checkbox_item_holder_8\"><input type=\"checkbox\" value=\"8\" class=\"wpgmza_checkbox\" id=\"wpgmza_cat_checkbox_8\" name=\"wpgmza_cat_checkbox\" mid=\"3\"><label for=\"wpgmza_cat_checkbox_8\">Maru arendused<\/label><\/li><li class=\"wpgmza_cat_checkbox_item_holder wpgmza_cat_checkbox_item_holder_2\"><input type=\"checkbox\" value=\"2\" class=\"wpgmza_checkbox\" id=\"wpgmza_cat_checkbox_2\" name=\"wpgmza_cat_checkbox\" mid=\"3\"><label for=\"wpgmza_cat_checkbox_2\">RAKU<\/label><\/li><li class=\"wpgmza_cat_checkbox_item_holder wpgmza_cat_checkbox_item_holder_5\"><input type=\"checkbox\" value=\"5\" class=\"wpgmza_checkbox\" id=\"wpgmza_cat_checkbox_5\" name=\"wpgmza_cat_checkbox\" mid=\"3\"><label for=\"wpgmza_cat_checkbox_5\">Tanklad<\/label><\/li><li class=\"wpgmza_cat_checkbox_item_holder wpgmza_cat_checkbox_item_holder_7\"><input type=\"checkbox\" value=\"7\" class=\"wpgmza_checkbox\" id=\"wpgmza_cat_checkbox_7\" name=\"wpgmza_cat_checkbox\" mid=\"3\"><label for=\"wpgmza_cat_checkbox_7\">Toitlustuskohad<\/label><\/li><\/ul><\/div><\/div><\/div>\r\n            \r\n            \r\n            \r\n            <div class=\"wpgmza_map \"  id=\"wpgmza_map_3\" style=\"display:block; overflow:auto; width:100%; height:400px; float:left;\" data-settings=\"{&quot;id&quot;:&quot;3&quot;,&quot;map_title&quot;:&quot;Raku asukohakaart&quot;,&quot;map_width&quot;:&quot;100&quot;,&quot;map_height&quot;:&quot;400&quot;,&quot;map_start_lat&quot;:&quot;59.374373&quot;,&quot;map_start_lng&quot;:&quot;24.738129&quot;,&quot;map_start_location&quot;:&quot;59.37437279782179,24.738129118265192&quot;,&quot;map_start_zoom&quot;:&quot;14&quot;,&quot;default_marker&quot;:&quot;0&quot;,&quot;type&quot;:&quot;1&quot;,&quot;alignment&quot;:&quot;1&quot;,&quot;directions_enabled&quot;:&quot;0&quot;,&quot;styling_enabled&quot;:&quot;0&quot;,&quot;styling_json&quot;:&quot;&quot;,&quot;active&quot;:&quot;0&quot;,&quot;kml&quot;:&quot;&quot;,&quot;bicycle&quot;:&quot;0&quot;,&quot;traffic&quot;:&quot;0&quot;,&quot;dbox&quot;:&quot;1&quot;,&quot;dbox_width&quot;:&quot;500&quot;,&quot;listmarkers&quot;:&quot;0&quot;,&quot;listmarkers_advanced&quot;:&quot;0&quot;,&quot;filterbycat&quot;:&quot;1&quot;,&quot;ugm_enabled&quot;:&quot;0&quot;,&quot;ugm_category_enabled&quot;:&quot;0&quot;,&quot;fusion&quot;:&quot;&quot;,&quot;map_width_type&quot;:&quot;\\\\%&quot;,&quot;map_height_type&quot;:&quot;px&quot;,&quot;mass_marker_support&quot;:&quot;0&quot;,&quot;ugm_access&quot;:&quot;0&quot;,&quot;order_markers_by&quot;:&quot;1&quot;,&quot;order_markers_choice&quot;:&quot;2&quot;,&quot;show_user_location&quot;:&quot;2&quot;,&quot;default_to&quot;:&quot;&quot;,&quot;other_settings&quot;:{&quot;store_locator_enabled&quot;:2,&quot;wpgmza_store_locator_restrict&quot;:&quot;&quot;,&quot;store_locator_distance&quot;:2,&quot;store_locator_bounce&quot;:1,&quot;store_locator_hide_before_search&quot;:2,&quot;store_locator_use_their_location&quot;:2,&quot;store_locator_name_search&quot;:2,&quot;store_locator_category&quot;:2,&quot;store_locator_query_string&quot;:&quot;ZIP \\\/ Address:&quot;,&quot;store_locator_name_string&quot;:&quot;Title \\\/ Description:&quot;,&quot;wpgmza_dbox_width_type&quot;:&quot;px&quot;,&quot;map_max_zoom&quot;:&quot;3&quot;,&quot;sl_stroke_color&quot;:&quot;FF0000&quot;,&quot;sl_stroke_opacity&quot;:&quot;0.25&quot;,&quot;sl_fill_color&quot;:&quot;FF0000&quot;,&quot;sl_fill_opacity&quot;:&quot;0.15&quot;,&quot;click_open_link&quot;:2,&quot;transport_layer&quot;:0,&quot;wpgmza_iw_type&quot;:&quot;&quot;,&quot;list_markers_by&quot;:&quot;0&quot;,&quot;push_in_map&quot;:&quot;&quot;,&quot;push_in_map_placement&quot;:&quot;9&quot;,&quot;wpgmza_push_in_map_width&quot;:&quot;&quot;,&quot;wpgmza_push_in_map_height&quot;:&quot;&quot;,&quot;wpgmza_theme_data&quot;:&quot;&quot;,&quot;shortcodeAttributes&quot;:{&quot;id&quot;:&quot;3&quot;}}}\" data-map-id='3' data-shortcode-attributes=\"{&quot;id&quot;:&quot;3&quot;}\"> <\/div>\r\n            \r\n               \r\n        [\/vc_column_text][\/vc_column][\/vc_row]<\/p>\n<\/div>","protected":false},"excerpt":{"rendered":"<p>[vc_row bg_image=&#8221;514&#8243; parallax_bg=&#8221;true&#8221; stellar_class=&#8221;fixed&#8221; text_color=&#8221;light&#8221; top_padding=&#8221;40&#8243; bottom_padding=&#8221;40&#8243;][vc_column bg_color=&#8221;rgba(0,86,150,0.8)&#8221; column_padding=&#8221;padding-2&#8243; column_center=&#8221;true&#8221; text_color=&#8221;light&#8221; width=&#8221;2\/3&#8243;][vc_column_text]RAKU \u00c4RIPARK\u00a0asub Tallinnas N\u00f5mme linnaosas Viljandi mnt \u00e4\u00e4res Valdeku t\u00e4nava ja Raku j\u00e4rve vahel. Valdeku t\u00e4navaga ristuva M\u00e4nniku tee \u00e4\u00e4rde j\u00e4\u00e4b olemasolev ettev\u00f5tluspiirkond. T\u00e4nu linnasisesele asukohale on Raku \u00c4ripark atraktiivne asukoht kindlasti \u00fchistranspordi olemasolu hindavatele klientidele. Maanteeameti, Rae valla ja Tallinna linna poolt kavandatav 2+2 s\u00f5iduradadega Tallinna v\u00e4ike ringtee liitub Valdeku ja Viljandi mnt ristmikuga sisuliselt arenduspiirkonna ukse ees. Tallinna ringtee j\u00e4\u00e4b k\u00f5igest 6 km kaugusele Raku \u00c4ripargist, see tagab kiire \u00fchenduse t\u00e4htsamate Tallinnat \u00fcmbritsevate maanteedega. Kinnistutele p\u00e4\u00e4seb ligi nii Valdeku kui Karuse t\u00e4nava kaudu. Karuse t\u00e4nava ja Viljandi maantee ristmikule on planeeritud uus fooriga reguleeritav ristmik, mis lihtsustab \u00c4riparki sisse- ja v\u00e4ljas\u00f5itu ka tipptunni ajal.[\/vc_column_text][\/vc_column][vc_column el_class=&#8221;location-features&#8221; bg_color=&#8221;rgba(0,86,150,0.8)&#8221; width=&#8221;1\/3&#8243;][vc_column_text] 6 km\u00a0Tallinna ringteeni 650 m l\u00e4hima bussipeatuseni 4 km kaugusel P\u00e4rnu mnt ja J\u00e4rve Selver[\/vc_column_text][\/vc_column][\/vc_row][vc_row bg_image=&#8221;514&#8243; parallax_bg=&#8221;true&#8221; stellar_class=&#8221;fixed&#8221; text_color=&#8221;light&#8221;][vc_column bg_color=&#8221;rgba(0,86,150,0.8)&#8221; column_padding=&#8221;padding-2&#8243; width=&#8221;1\/1&#8243;][vc_column_text][\/vc_column_text][\/vc_column][\/vc_row]<\/p>\n","protected":false},"author":1,"featured_media":0,"parent":0,"menu_order":0,"comment_status":"closed","ping_status":"closed","template":"","meta":{"_exactmetrics_skip_tracking":false,"_exactmetrics_sitenote_active":false,"_exactmetrics_sitenote_note":"","_exactmetrics_sitenote_category":0,"footnotes":""},"class_list":["post-192","page","type-page","status-publish","hentry"],"_links":{"self":[{"href":"https:\/\/maru.ee\/raku\/wp-json\/wp\/v2\/pages\/192","targetHints":{"allow":["GET"]}}],"collection":[{"href":"https:\/\/maru.ee\/raku\/wp-json\/wp\/v2\/pages"}],"about":[{"href":"https:\/\/maru.ee\/raku\/wp-json\/wp\/v2\/types\/page"}],"author":[{"embeddable":true,"href":"https:\/\/maru.ee\/raku\/wp-json\/wp\/v2\/users\/1"}],"replies":[{"embeddable":true,"href":"https:\/\/maru.ee\/raku\/wp-json\/wp\/v2\/comments?post=192"}],"version-history":[{"count":5,"href":"https:\/\/maru.ee\/raku\/wp-json\/wp\/v2\/pages\/192\/revisions"}],"predecessor-version":[{"id":578,"href":"https:\/\/maru.ee\/raku\/wp-json\/wp\/v2\/pages\/192\/revisions\/578"}],"wp:attachment":[{"href":"https:\/\/maru.ee\/raku\/wp-json\/wp\/v2\/media?parent=192"}],"curies":[{"name":"wp","href":"https:\/\/api.w.org\/{rel}","templated":true}]}}